{"id":1,"date":"2019-09-05T08:43:56","date_gmt":"2019-09-05T08:43:56","guid":{"rendered":"http:\/\/binasajt.com\/?p=1"},"modified":"2024-07-03T18:11:51","modified_gmt":"2024-07-03T18:11:51","slug":"home","status":"publish","type":"page","link":"https:\/\/binasajt.com\/","title":{"rendered":"Home"},"content":{"rendered":"<h1><span style=\"display: block;\" uk-parallax=\"x: -80; media: @m\">Dobro do\u0161li na<\/span> <span style=\"display: block;\" class=\"uk-text-primary\" uk-parallax=\"x: -40; media: @m\"><span>Bina sajt<\/span><\/span><\/h1>\n<div>\n<p> Va\u0161eg pouzdanog partnera za izradu vrhunskih web sajtova na WordPress platformi i kvalitetno QA testiranje.<\/p>\n<\/div>\n<div>\n<h4>Izrada Web Sajtova na WordPress Platformi<\/h4>\n<p>Sa dugogodi\u0161njim iskustvom u web razvoju, specijalizovani smo za kreiranje modernih, funkcionalnih i vizuelno atraktivnih web sajtova na WordPressu. Bez obzira da li vam je potreban li\u010dni blog, korporativni sajt ili e-trgovina, na\u0161 tim stru\u010dnjaka pru\u017ea sveobuhvatan pristup koji odra\u017eava va\u0161e jedinstvene potrebe i ciljeve.<\/p>\n<h4>Na\u0161e WordPress usluge uklju\u010duju:<\/h4>\n<p style=\"text-align: left;\"><strong>Dizajn i Razvoj<\/strong>: Prilago\u0111eni dizajn i razvoj web sajtova koji odgovaraju va\u0161em brendu i ciljevima.<br \/><strong>Responsivni Dizajn<\/strong>: Osiguravamo da va\u0161 web sajt savr\u0161eno funkcioni\u0161e na svim ure\u0111ajima i veli\u010dinama ekrana.<br \/><strong>SEO Optimizacija<\/strong>: Implementacija najnovijih SEO tehnika za bolju vidljivost na pretra\u017eiva\u010dima.<br \/><strong>Sigurnost i Performanse<\/strong>: Integracija sigurnosnih mera i optimizacija za brzinu u\u010ditavanja.<br \/><strong>Podr\u0161ka i Odr\u017eavanje<\/strong>: Kontinuirana podr\u0161ka i odr\u017eavanje kako bi va\u0161 web sajt uvek bio a\u017euriran i siguran.<\/p>\n<\/p>\n<\/div>\n<div>\n<h3 style=\"text-align: left;\">QA (Quality Assurance) Testiranje<\/h3>\n<p style=\"text-align: left;\">Kvalitetna QA provera klju\u010dna je za osiguranje da va\u0161 web sajt radi besprekorno i pru\u017ea izvrsno korisni\u010dko iskustvo. Na\u0161 tim QA stru\u010dnjaka pru\u017ea sveobuhvatan set testiranja koji uklju\u010duje funkcionalno testiranje, performanse, sigurnost, kompatibilnost pretra\u017eiva\u010da i jo\u0161 mnogo toga.<\/p>\n<\/p>\n<\/div>\n<div>\n<h4 style=\"text-align: left;\">Na\u0161e QA usluge uklju\u010duju:<\/h4>\n<p style=\"text-align: left;\">Funkcionalno Testiranje: Provera svih funkcionalnosti i interakcija na web sajtu.<br \/>Performans Testiranje: Optimizacija brzine u\u010ditavanja i odziva.<br \/>Sigurnosno Testiranje: Analiza sigurnosnih rizika i primena odgovaraju\u0107ih za\u0161tita.<br \/>Kompatibilnost Pretra\u017eiva\u010da: Provera kompatibilnosti na svim glavnim web pretra\u017eiva\u010dima.<br \/>POM Automtsko Testiranje: Implementacija Page Object Model (POM) za automatozaciju testova i lak\u0161e odr\u017eavanje test skriptova.<\/p>\n<\/div>\n<h2><span class=\"uk-text-primary\">Za\u0161to<\/span> izabrati<br class=\"uk-visible@m\" \/>\u00a0nas?<\/h2>\n<div>\n<p style=\"text-align: left;\">Na\u0161a strast prema tehnologiji i posve\u0107enost kvalitetu omogu\u0107avaju nam da prema\u0161imo o\u010dekivanja na\u0161ih klijenata. Sa nama dobijate partnera koji ne samo da razume tehnologiju ve\u0107 i va\u0161e poslovne ciljeve.<\/p>\n<\/div>\n<p>\n    <a href=\"\/index.php?page_id=2\">Razmisli<\/a>\n<\/p>\n<div>\n<h4><span class=\"uk-text-primary\">Kontaktirajte nas<\/span><\/h4>\n<\/div>\n<div>\n<p>Ukoliko \u017eelite vrhunski web sajt na WordPress platformi ili kvalitetno QA testiranje, obratite se na\u0161em timu danas. Radujemo se \u0161to \u0107emo vam pomo\u0107i u ostvarivanju va\u0161ih digitalnih ciljeva.<\/p>\n<\/div>\n<div><a href=\"mailto:info@example.com\">dsporobic@gmail.com<\/a><\/div>\n<ul>\n<li><a href=\"https:\/\/www.instagram.com\/_bincic_\/\">instagram<\/a>\n<\/li>\n<li><a href=\"https:\/\/www.linkedin.com\/in\/sabina-porobic-10203372\">linkedin<\/a>\n<\/li>\n<\/ul>\n<p><!--more--><br \/>\n<!-- {\"name\":\"Home\",\"type\":\"layout\",\"children\":[{\"name\":\"Hero\",\"type\":\"section\",\"props\":{\"animation\":\"fade\",\"image_position\":\"center-center\",\"padding\":\"large\",\"padding_remove_bottom\":true,\"padding_remove_top\":false,\"style\":\"default\",\"title_breakpoint\":\"xl\",\"title_position\":\"top-left\",\"title_rotation\":\"left\",\"vertical_align\":\"\",\"width\":\"\"},\"children\":[{\"type\":\"row\",\"children\":[{\"type\":\"column\",\"props\":{\"image_position\":\"center-center\",\"position_sticky_breakpoint\":\"m\",\"width_medium\":\"1-1\"},\"children\":[{\"type\":\"headline\",\"props\":{\"content\":\"<span style=\\\"display: block;\\\" uk-parallax=\\\"x: -80; media: @m\\\">Dobro do\\u0161li na<\\\/span> <span style=\\\"display: block;\\\" class=\\\"uk-text-primary\\\" uk-parallax=\\\"x: -40; media: @m\\\"><span>Bina sajt<\\\/span><\\\/span>\",\"text_align\":\"center\",\"title_element\":\"h1\",\"title_style\":\"h1\"}},{\"type\":\"text\",\"props\":{\"block_align\":\"center\",\"column_breakpoint\":\"m\",\"content\":\"\n\n<p> Va\\u0161eg pouzdanog partnera za izradu vrhunskih web sajtova na WordPress platformi i kvalitetno QA testiranje.<\\\/p>\",\"margin\":\"default\",\"margin_remove_top\":true,\"maxwidth\":\"xlarge\",\"text_align\":\"left\",\"text_align_breakpoint\":\"m\",\"text_align_fallback\":\"center\",\"text_color\":\"emphasis\",\"text_style\":\"lead\"}}]}],\"props\":{\"margin_remove_bottom\":true,\"width\":\"xlarge\"}},{\"type\":\"row\",\"children\":[{\"type\":\"column\",\"props\":{\"image_position\":\"center-center\",\"position_sticky_breakpoint\":\"m\"},\"children\":[{\"type\":\"text\",\"props\":{\"block_align\":\"center\",\"column_breakpoint\":\"m\",\"content\":\"\n\n<h4>Izrada Web Sajtova na WordPress Platformi<\\\/h4>\\n\n\n<p>Sa dugogodi\\u0161njim iskustvom u web razvoju, specijalizovani smo za kreiranje modernih, funkcionalnih i vizuelno atraktivnih web sajtova na WordPressu. Bez obzira da li vam je potreban li\\u010dni blog, korporativni sajt ili e-trgovina, na\\u0161 tim stru\\u010dnjaka pru\\u017ea sveobuhvatan pristup koji odra\\u017eava va\\u0161e jedinstvene potrebe i ciljeve.<\\\/p>\\n\n\n<h4>Na\\u0161e WordPress usluge uklju\\u010duju:<\\\/h4>\\n\n\n<p style=\\\"text-align: left;\\\"><strong>Dizajn i Razvoj<\\\/strong>: Prilago\\u0111eni dizajn i razvoj web sajtova koji odgovaraju va\\u0161em brendu i ciljevima.<br \\\/><strong>Responsivni Dizajn<\\\/strong>: Osiguravamo da va\\u0161 web sajt savr\\u0161eno funkcioni\\u0161e na svim ure\\u0111ajima i veli\\u010dinama ekrana.<br \\\/><strong>SEO Optimizacija<\\\/strong>: Implementacija najnovijih SEO tehnika za bolju vidljivost na pretra\\u017eiva\\u010dima.<br \\\/><strong>Sigurnost i Performanse<\\\/strong>: Integracija sigurnosnih mera i optimizacija za brzinu u\\u010ditavanja.<br \\\/><strong>Podr\\u0161ka i Odr\\u017eavanje<\\\/strong>: Kontinuirana podr\\u0161ka i odr\\u017eavanje kako bi va\\u0161 web sajt uvek bio a\\u017euriran i siguran.<\\\/p>\\n\n\n<p><\\\/p>\",\"margin\":\"default\",\"margin_remove_top\":true,\"maxwidth\":\"xlarge\",\"text_align\":\"left\",\"text_align_breakpoint\":\"m\",\"text_align_fallback\":\"center\",\"text_color\":\"emphasis\",\"text_style\":\"meta\"}}]}]}]},{\"type\":\"section\",\"props\":{\"image_position\":\"center-center\",\"style\":\"default\",\"title_breakpoint\":\"xl\",\"title_position\":\"top-left\",\"title_rotation\":\"left\",\"vertical_align\":\"middle\",\"width\":\"default\"},\"children\":[{\"type\":\"row\",\"children\":[{\"type\":\"column\",\"props\":{\"image_position\":\"center-center\",\"position_sticky_breakpoint\":\"m\"},\"children\":[{\"type\":\"text\",\"props\":{\"block_align\":\"center\",\"column_breakpoint\":\"m\",\"content\":\"\n\n<h3 style=\\\"text-align: left;\\\">QA (Quality Assurance) Testiranje<\\\/h3>\\n\n\n<p style=\\\"text-align: left;\\\">Kvalitetna QA provera klju\\u010dna je za osiguranje da va\\u0161 web sajt radi besprekorno i pru\\u017ea izvrsno korisni\\u010dko iskustvo. Na\\u0161 tim QA stru\\u010dnjaka pru\\u017ea sveobuhvatan set testiranja koji uklju\\u010duje funkcionalno testiranje, performanse, sigurnost, kompatibilnost pretra\\u017eiva\\u010da i jo\\u0161 mnogo toga.<\\\/p>\\n\n\n<p><\\\/p>\",\"margin\":\"default\",\"margin_remove_top\":true,\"maxwidth\":\"xlarge\",\"text_align\":\"left\",\"text_align_breakpoint\":\"m\",\"text_align_fallback\":\"center\",\"text_color\":\"emphasis\",\"text_style\":\"small\"}}]}]},{\"type\":\"row\",\"children\":[{\"type\":\"column\",\"props\":{\"image_position\":\"center-center\",\"position_sticky_breakpoint\":\"m\"},\"children\":[{\"type\":\"text\",\"props\":{\"block_align\":\"center\",\"column_breakpoint\":\"m\",\"content\":\"\n\n<h4 style=\\\"text-align: left;\\\">Na\\u0161e QA usluge uklju\\u010duju:<\\\/h4>\\n\n\n<p style=\\\"text-align: left;\\\">Funkcionalno Testiranje: Provera svih funkcionalnosti i interakcija na web sajtu.<br \\\/>Performans Testiranje: Optimizacija brzine u\\u010ditavanja i odziva.<br \\\/>Sigurnosno Testiranje: Analiza sigurnosnih rizika i primena odgovaraju\\u0107ih za\\u0161tita.<br \\\/>Kompatibilnost Pretra\\u017eiva\\u010da: Provera kompatibilnosti na svim glavnim web pretra\\u017eiva\\u010dima.<br \\\/>POM Automtsko Testiranje: Implementacija Page Object Model (POM) za automatozaciju testova i lak\\u0161e odr\\u017eavanje test skriptova.<\\\/p>\",\"margin\":\"default\",\"margin_remove_top\":true,\"maxwidth\":\"xlarge\",\"text_align\":\"left\",\"text_align_breakpoint\":\"m\",\"text_align_fallback\":\"center\",\"text_color\":\"emphasis\",\"text_style\":\"meta\"}}]}]}]},{\"name\":\"About\",\"type\":\"section\",\"props\":{\"animation\":\"slide-top-small\",\"css\":\"@media (min-width: 640px) {\\n\\t.el-section { padding-bottom: 15vw; }\\n}\",\"header_overlay\":\"light\",\"height_viewport\":false,\"image_position\":\"center-center\",\"image_size\":\"cover\",\"padding\":\"large\",\"padding_remove_bottom\":false,\"padding_remove_top\":false,\"style\":\"default\",\"title_breakpoint\":\"xl\",\"title_position\":\"top-left\",\"title_rotation\":\"left\",\"vertical_align\":\"\",\"width\":\"expand\"},\"children\":[{\"type\":\"row\",\"children\":[{\"type\":\"column\",\"props\":{\"image_position\":\"center-center\",\"position_sticky_breakpoint\":\"m\",\"width_medium\":\"1-4\",\"width_small\":\"1-5\"}},{\"type\":\"column\",\"props\":{\"image_position\":\"center-center\",\"position_sticky_breakpoint\":\"m\",\"width_small\":\"expand\"},\"children\":[{\"type\":\"headline\",\"props\":{\"content\":\"<span class=\\\"uk-text-primary\\\">Za\\u0161to<\\\/span> izabrati<br class=\\\"uk-visible@m\\\" \\\/>\\u00a0nas?\",\"position_z_index\":\"0\",\"text_align\":\"left\",\"text_align_fallback\":\"center\",\"title_element\":\"h2\",\"title_style\":\"h1\"}},{\"type\":\"text\",\"props\":{\"block_align\":\"center\",\"column_breakpoint\":\"m\",\"content\":\"\n\n<p style=\\\"text-align: left;\\\">Na\\u0161a strast prema tehnologiji i posve\\u0107enost kvalitetu omogu\\u0107avaju nam da prema\\u0161imo o\\u010dekivanja na\\u0161ih klijenata. Sa nama dobijate partnera koji ne samo da razume tehnologiju ve\\u0107 i va\\u0161e poslovne ciljeve.<\\\/p>\",\"margin\":\"default\",\"margin_remove_top\":true,\"maxwidth\":\"xlarge\",\"text_align\":\"left\",\"text_align_breakpoint\":\"m\",\"text_align_fallback\":\"center\",\"text_color\":\"emphasis\",\"text_style\":\"lead\"}},{\"type\":\"button\",\"props\":{\"animation\":\"slide-bottom-small\",\"grid_column_gap\":\"small\",\"grid_row_gap\":\"small\",\"inline_align\":\"center\",\"margin\":\"medium\",\"position\":\"relative\",\"position_z_index\":\"2\"},\"children\":[{\"type\":\"button_item\",\"props\":{\"button_style\":\"text\",\"content\":\"Razmisli\",\"icon_align\":\"left\",\"link\":\"index.php?page_id=2\",\"link_title\":\"Learn more about us\"}}]}]},{\"type\":\"column\",\"props\":{\"image_position\":\"center-center\",\"position_sticky_breakpoint\":\"m\",\"width_medium\":\"1-4\",\"width_small\":\"1-5\"}}],\"props\":{\"layout\":\"1-3,1-3,1-3\"}}]},{\"name\":\"Call to Action\",\"type\":\"section\",\"props\":{\"animation\":\"slide-top-small\",\"image_position\":\"center-center\",\"image_size\":\"cover\",\"padding\":\"large\",\"padding_remove_bottom\":false,\"style\":\"default\",\"title_breakpoint\":\"xl\",\"title_position\":\"top-left\",\"title_rotation\":\"left\",\"vertical_align\":\"\",\"width\":\"expand\"},\"children\":[{\"type\":\"row\",\"props\":{\"layout\":\"1-3,1-3,1-3\",\"margin\":\"large\"},\"children\":[{\"type\":\"column\",\"props\":{\"image_position\":\"center-center\",\"position_sticky_breakpoint\":\"m\",\"width_large\":\"1-4\",\"width_medium\":\"1-5\"}},{\"type\":\"column\",\"props\":{\"image_position\":\"center-center\",\"position_sticky_breakpoint\":\"m\",\"width_medium\":\"expand\"},\"children\":[{\"type\":\"headline\",\"props\":{\"block_align_breakpoint\":\"m\",\"block_align_fallback\":\"center\",\"content\":\"\n\n<h4><span class=\\\"uk-text-primary\\\">Kontaktirajte nas<\\\/span><\\\/h4>\",\"margin\":\"remove-vertical\",\"maxwidth\":\"xlarge\",\"text_align\":\"left\",\"text_align_breakpoint\":\"m\",\"text_align_fallback\":\"center\",\"title_color\":\"primary\",\"title_element\":\"div\",\"title_style\":\"h6\"}},{\"type\":\"text\",\"props\":{\"block_align\":\"center\",\"column_breakpoint\":\"m\",\"content\":\"\n\n<p>Ukoliko \\u017eelite vrhunski web sajt na WordPress platformi ili kvalitetno QA testiranje, obratite se na\\u0161em timu danas. Radujemo se \\u0161to \\u0107emo vam pomo\\u0107i u ostvarivanju va\\u0161ih digitalnih ciljeva.<\\\/p>\",\"margin\":\"default\",\"margin_remove_top\":true,\"maxwidth\":\"xlarge\",\"text_align\":\"left\",\"text_align_breakpoint\":\"m\",\"text_align_fallback\":\"center\",\"text_color\":\"emphasis\",\"text_style\":\"lead\"}}]},{\"type\":\"column\",\"props\":{\"image_position\":\"center-center\",\"position_sticky_breakpoint\":\"m\",\"width_large\":\"1-4\",\"width_medium\":\"1-5\"}}]},{\"type\":\"row\",\"children\":[{\"type\":\"column\",\"props\":{\"image_position\":\"center-center\",\"position_sticky_breakpoint\":\"m\",\"vertical_align\":\"middle\",\"width_medium\":\"expand\"},\"children\":[{\"type\":\"headline\",\"props\":{\"block_align\":\"center\",\"content\":\"dsporobic@gmail.com\",\"link\":\"mailto:info@example.com\",\"link_style\":true,\"margin_remove_bottom\":true,\"maxwidth\":\"xlarge\",\"text_align\":\"left\",\"text_align_breakpoint\":\"m\",\"text_align_fallback\":\"center\",\"title_color\":\"primary\",\"title_element\":\"div\",\"title_style\":\"h5\"}}]},{\"type\":\"column\",\"props\":{\"image_position\":\"center-center\",\"order_first\":\"m\",\"position_sticky_breakpoint\":\"m\",\"width_large\":\"1-4\",\"width_medium\":\"1-5\"},\"children\":[{\"type\":\"social\",\"props\":{\"grid\":\"vertical\",\"grid_column_gap\":\"small\",\"grid_gap\":\"small\",\"grid_row_gap\":\"small\",\"grid_vertical_breakpoint\":\"m\",\"image_svg_inline\":true,\"link_style\":\"button\",\"link_target\":true,\"margin\":\"default\",\"text_align\":\"left\",\"text_align_breakpoint\":\"m\",\"text_align_fallback\":\"center\"},\"children\":[{\"type\":\"social_item\",\"props\":{\"link\":\"https:\\\/\\\/www.instagram.com\\\/_bincic_\\\/\"}},{\"type\":\"social_item\",\"props\":{\"icon\":\"linkedin\",\"link\":\"https:\\\/\\\/www.linkedin.com\\\/in\\\/sabina-porobic-10203372\"}}]}]},{\"type\":\"column\",\"props\":{\"class\":\"uk-visible@m\",\"image_position\":\"center-center\",\"position_sticky_breakpoint\":\"m\",\"width_large\":\"1-4\",\"width_medium\":\"1-5\"}}],\"props\":{\"layout\":\"large,expand,large\",\"margin_remove_bottom\":true}}]}],\"version\":\"4.4.4\"} --><\/p>\n","protected":false},"excerpt":{"rendered":"<p>Dobro do\u0161li na Bina sajt Va\u0161eg pouzdanog partnera za izradu vrhunskih web sajtova na WordPress platformi i kvalitetno QA testiranje. Izrada Web Sajtova na WordPress Platformi Sa dugogodi\u0161njim iskustvom u web razvoju, specijalizovani smo za kreiranje modernih, funkcionalnih i vizuelno atraktivnih web sajtova na WordPressu. Bez obzira da li vam je potreban li\u010dni blog, korporativni [&hellip;]<\/p>\n","protected":false},"author":1,"featured_media":0,"parent":0,"menu_order":2,"comment_status":"open","ping_status":"open","template":"","meta":{"_acf_changed":false,"footnotes":""},"class_list":["post-1","page","type-page","status-publish","hentry"],"acf":[],"jetpack_sharing_enabled":true,"_links":{"self":[{"href":"https:\/\/binasajt.com\/index.php?rest_route=\/wp\/v2\/pages\/1","targetHints":{"allow":["GET"]}}],"collection":[{"href":"https:\/\/binasajt.com\/index.php?rest_route=\/wp\/v2\/pages"}],"about":[{"href":"https:\/\/binasajt.com\/index.php?rest_route=\/wp\/v2\/types\/page"}],"author":[{"embeddable":true,"href":"https:\/\/binasajt.com\/index.php?rest_route=\/wp\/v2\/users\/1"}],"replies":[{"embeddable":true,"href":"https:\/\/binasajt.com\/index.php?rest_route=%2Fwp%2Fv2%2Fcomments&post=1"}],"version-history":[{"count":67,"href":"https:\/\/binasajt.com\/index.php?rest_route=\/wp\/v2\/pages\/1\/revisions"}],"predecessor-version":[{"id":1318,"href":"https:\/\/binasajt.com\/index.php?rest_route=\/wp\/v2\/pages\/1\/revisions\/1318"}],"wp:attachment":[{"href":"https:\/\/binasajt.com\/index.php?rest_route=%2Fwp%2Fv2%2Fmedia&parent=1"}],"curies":[{"name":"wp","href":"https:\/\/api.w.org\/{rel}","templated":true}]}}